{"id":1202,"date":"2020-10-22T17:49:33","date_gmt":"2020-10-22T15:49:33","guid":{"rendered":"https:\/\/garden-globe.com\/?page_id=1202"},"modified":"2020-10-23T09:33:57","modified_gmt":"2020-10-23T07:33:57","slug":"mentions-legales-cgu","status":"publish","type":"page","link":"https:\/\/garden-globe.com\/index.php\/mentions-legales-cgu\/","title":{"rendered":"Mentions L\u00e9gales &#038; CGU"},"content":{"rendered":"\t\t<div data-elementor-type=\"wp-page\" data-elementor-id=\"1202\" class=\"elementor elementor-1202\" data-elementor-settings=\"[]\">\n\t\t\t\t\t\t<div class=\"elementor-inner\">\n\t\t\t\t\t\t\t<div class=\"elementor-section-wrap\">\n\t\t\t\t\t\t\t<section class=\"elementor-section elementor-top-section elementor-element elementor-element-1222c81 elementor-section-stretched elementor-section-boxed elementor-section-height-default elementor-section-height-default\" data-id=\"1222c81\" data-element_type=\"section\" data-settings=\"{&quot;stretch_section&quot;:&quot;section-stretched&quot;,&quot;background_background&quot;:&quot;classic&quot;}\">\n\t\t\t\t\t\t<div class=\"elementor-container elementor-column-gap-default\">\n\t\t\t\t\t\t\t<div class=\"elementor-row\">\n\t\t\t\t\t<div class=\"elementor-column elementor-col-100 elementor-top-column elementor-element elementor-element-5f85b64\" data-id=\"5f85b64\" data-element_type=\"column\">\n\t\t\t<div class=\"elementor-column-wrap elementor-element-populated\">\n\t\t\t\t\t\t\t<div class=\"elementor-widget-wrap\">\n\t\t\t\t\t\t<div class=\"elementor-element elementor-element-a8aeefc elementor-widget elementor-widget-image\" data-id=\"a8aeefc\" data-element_type=\"widget\" data-widget_type=\"image.default\">\n\t\t\t\t<div class=\"elementor-widget-container\">\n\t\t\t\t\t<div class=\"elementor-image\">\n\t\t\t\t\t\t\t\t\t\t\t<a href=\"https:\/\/garden-globe.com\/\">\n\t\t\t\t\t\t\t<img decoding=\"async\" src=\"https:\/\/garden-globe.com\/wp-content\/uploads\/2020\/09\/Garden-Globe-Logo-sans-fond-rose.png\" title=\"Garden Globe Logo sans fond rose\" alt=\"Garden Globe Logo sans fond rose\" \/>\t\t\t\t\t\t\t\t<\/a>\n\t\t\t\t\t\t\t\t\t\t\t<\/div>\n\t\t\t\t<\/div>\n\t\t\t\t<\/div>\n\t\t\t\t\t\t<\/div>\n\t\t\t\t\t<\/div>\n\t\t<\/div>\n\t\t\t\t\t\t\t\t<\/div>\n\t\t\t\t\t<\/div>\n\t\t<\/section>\n\t\t\t\t<section class=\"elementor-section elementor-top-section elementor-element elementor-element-241d45f elementor-section-boxed elementor-section-height-default elementor-section-height-default\" data-id=\"241d45f\" data-element_type=\"section\">\n\t\t\t\t\t\t<div class=\"elementor-container elementor-column-gap-default\">\n\t\t\t\t\t\t\t<div class=\"elementor-row\">\n\t\t\t\t\t<div class=\"elementor-column elementor-col-100 elementor-top-column elementor-element elementor-element-2771dc2\" data-id=\"2771dc2\" data-element_type=\"column\">\n\t\t\t<div class=\"elementor-column-wrap elementor-element-populated\">\n\t\t\t\t\t\t\t<div class=\"elementor-widget-wrap\">\n\t\t\t\t\t\t<div class=\"elementor-element elementor-element-48ee629 elementor-widget elementor-widget-heading\" data-id=\"48ee629\" data-element_type=\"widget\" data-widget_type=\"heading.default\">\n\t\t\t\t<div class=\"elementor-widget-container\">\n\t\t\t<h2 class=\"elementor-heading-title elementor-size-default\"><h1 data-elementor-setting-key=\"title\" data-pen-placeholder=\"\u00c9crivez ici...\">Mentions L\u00e9gales &amp; CGU<\/h1><\/h2>\t\t<\/div>\n\t\t\t\t<\/div>\n\t\t\t\t\t\t<\/div>\n\t\t\t\t\t<\/div>\n\t\t<\/div>\n\t\t\t\t\t\t\t\t<\/div>\n\t\t\t\t\t<\/div>\n\t\t<\/section>\n\t\t\t\t<section class=\"elementor-section elementor-top-section elementor-element elementor-element-e10cff9 elementor-section-boxed elementor-section-height-default elementor-section-height-default\" data-id=\"e10cff9\" data-element_type=\"section\">\n\t\t\t\t\t\t<div class=\"elementor-container elementor-column-gap-default\">\n\t\t\t\t\t\t\t<div class=\"elementor-row\">\n\t\t\t\t\t<div class=\"elementor-column elementor-col-100 elementor-top-column elementor-element elementor-element-bb50513\" data-id=\"bb50513\" data-element_type=\"column\">\n\t\t\t<div class=\"elementor-column-wrap elementor-element-populated\">\n\t\t\t\t\t\t\t<div class=\"elementor-widget-wrap\">\n\t\t\t\t\t\t<div class=\"elementor-element elementor-element-da634d0 elementor-widget elementor-widget-text-editor\" data-id=\"da634d0\" data-element_type=\"widget\" data-widget_type=\"text-editor.default\">\n\t\t\t\t<div class=\"elementor-widget-container\">\n\t\t\t\t\t<div class=\"elementor-text-editor elementor-clearfix\"><p class=\"p1\"><b>EDITEUR<\/b><\/p>\n<ul class=\"ul1\">\n<li class=\"li2\"><b><\/b><span class=\"s1\"><b>Directeur de la Publication<\/b>&nbsp;: Garden Globe<\/span><\/li>\n<li class=\"li2\"><span class=\"s1\"><b>Societ\u00e9 :<\/b> Soci\u00e9t\u00e9 par actions simplifi\u00e9e au capital de 10 000 Euros immatricul\u00e9e au Registre du Commerce et des Soci\u00e9t\u00e9s de Nantes sous le num\u00e9ro 882 641 046,<\/span><\/li>\n<li class=\"li2\"><span class=\"s1\"><b>Num\u00e9ro de TVA intracommunautaire :<\/b> FR 78882641046,<\/span><\/li>\n<li class=\"li2\"><span class=\"s1\"><b>Si\u00e8ge social : <\/b>3 La Gaminerie 44860 Saint Aignan de Grand Lieu,<\/span><\/li>\n<li class=\"li2\"><span class=\"s1\"><b>Nous contacter : <\/b>contact@garden-globe.com<\/span><\/li>\n<\/ul>\n<p class=\"p1\"><b>R\u00c9ALISATION DU SITE INTERNET<\/b><\/p>\n<ul class=\"ul1\">\n<li class=\"li2\"><span class=\"s1\"><b>D\u00e9veloppement du site :<\/b>&nbsp;<\/span><a href=\"http:\/\/WWW.GROWSISTE.COM\" target=\"_blank\">Growsiste<\/a><\/li>\n<\/ul>\n<p class=\"p1\"><b>H\u00c9BERGEMENT<\/b><\/p>\n<ul class=\"ul1\">\n<li class=\"li4\"><span class=\"s1\"><b>D\u00e9veloppement du site :<\/b>&nbsp;OVH<\/span><\/li>\n<\/ul>\n<p class=\"p5\">2 rue Kellermann<br>59100 Roubaix<br>France<br>SAS au capital de 10 174 560 \u20ac<br>RCS Lille M\u00e9tropole 424 761 419 00045<\/p>\n<p class=\"p1\"><b>DONN\u00c9ES PERSONNELLES<\/b><\/p>\n<p class=\"p6\">Les traitements de donn\u00e9es personnelles collect\u00e9es \u00e0 partir du Site sont effectu\u00e9s dans le respect de la loi du 6 janvier 1978 modifi\u00e9e (\u00ab&nbsp;Loi Informatique et Libert\u00e9s) ainsi que du R\u00e8glement G\u00e9n\u00e9ral sur la Protection des donn\u00e9es personnelles n\u00b0 679\/2016 (\u00ab&nbsp;RGPD&nbsp;\u00bb).<\/p>\n<p class=\"p6\">Le responsable de traitement des donn\u00e9es personnelles est Garden Globe.<\/p>\n<p class=\"p6\">Les donn\u00e9es personnelles collect\u00e9es par Garden Globe lors de l\u2019utilisation du site internet www.garden-globe.com (le \u00ab&nbsp;<b>Site<\/b>&nbsp;\u00bb) par tout internaute (l\u2019\u00ab&nbsp;<b>Utilisateur<\/b>&nbsp;\u00bb) sont strictement n\u00e9cessaires aux finalit\u00e9s recherch\u00e9es par Garden Globe et d\u00e9crites ci-dessous.<\/p>\n<p class=\"p6\">Finalit\u00e9s de la collecte et du traitement de donn\u00e9es personnelles par Garden Globe<\/p>\n<p class=\"p6\">Des donn\u00e9es personnelles peuvent \u00eatre collect\u00e9es lorsque l\u2019Utilisateur&nbsp;:<\/p>\n<ul class=\"ul1\">\n<li class=\"li2\"><span class=\"s1\">Navigue sur le Site,<\/span><\/li>\n<li class=\"li2\"><span class=\"s1\">S\u2019inscrit \u00e0 des \u00e9v\u00e8nements organis\u00e9s par Garden Globe et\/ou des lettres d\u2019information,<\/span><\/li>\n<li class=\"li2\"><span class=\"s1\">Prend contact via le formulaire pr\u00e9vu \u00e0 cet effet<\/span><\/li>\n<\/ul>\n<p class=\"p6\">Ainsi, les donn\u00e9es personnelles des Utilisateurs ne sont trait\u00e9es que pour les finalit\u00e9s suivantes&nbsp;:<\/p>\n<ul class=\"ul1\">\n<li class=\"li2\"><span class=\"s1\">Demande d\u2019information et prise de renseignement <\/span><\/li>\n<li class=\"li2\"><span class=\"s1\">Gestion des inscriptions \u00e0 des \u00e9v\u00e8nements organis\u00e9s par Garden Globe et\/ou \u00e0 des lettres d\u2019informations,<\/span><\/li>\n<\/ul>\n<p class=\"p6\"><b>Conservation de vos donn\u00e9es personnelles<\/b><\/p>\n<p class=\"p6\">Les donn\u00e9es personnelles susvis\u00e9es sont conserv\u00e9es uniquement pour la dur\u00e9e n\u00e9cessaire aux finalit\u00e9s pour lesquelles elles sont collect\u00e9es et trait\u00e9es et ce, dans le respect de la l\u00e9gislation en vigueur.<\/p>\n<p class=\"p6\"><b>Destinataires des donn\u00e9es personnelles<\/b><\/p>\n<p class=\"p6\">Les donn\u00e9es personnelles collect\u00e9es et trait\u00e9es par Garden Globe au moyen du Site ne sont pas c\u00e9d\u00e9es ou transmises \u00e0 des tiers.<\/p>\n<p class=\"p1\"><b>S\u00c9CURIT\u00c9<\/b><\/p>\n<p class=\"p6\">Garden Globe s\u2019engage \u00e0 prot\u00e9ger la s\u00e9curit\u00e9, la confidentialit\u00e9 et l\u2019int\u00e9grit\u00e9 des donn\u00e9es personnelles des Utilisateurs fournies sur le Site par l\u2019utilisation de moyens de s\u00e9curisation physiques et logistiques.<\/p>\n<p class=\"p6\">Toutefois, et compte-tenu des caract\u00e9ristiques inh\u00e9rentes \u00e0 Internet comme moyen de communication global, Garden Globe ne peut pas garantir que ces informations, lors d\u2019une transmission sur Internet, ne puissent pas \u00eatre intercept\u00e9es par des tiers.<\/p>\n<p class=\"p1\"><b>COOKIES<\/b><\/p>\n<p class=\"p6\">En naviguant sur le Site, les Utilisateurs acceptent l\u2019utilisation de cookies dans les conditions d\u00e9crites ci-apr\u00e8s. Si les Utilisateurs qui ne souhaitent pas accepter ces cookies peuvent les d\u00e9sactiver en suivant les instructions d\u00e9crites ci-apr\u00e8s.<\/p>\n<ul class=\"ul1\">\n<li class=\"li2\"><b><\/b><span class=\"s1\"><b>D\u00e9finition<\/b><\/span><\/li>\n<\/ul>\n<p class=\"p6\">Les cookies sont des donn\u00e9es stock\u00e9es dans l\u2019\u00e9quipement terminal d\u2019un internaute et utilis\u00e9es par le site que les internautes visitent pour envoyer des informations au navigateur, et permettant \u00e0 ce navigateur de renvoyer des informations au site d\u2019origine. Ils contiennent g\u00e9n\u00e9ralement le nom du serveur qui l\u2019a d\u00e9pos\u00e9, un identifiant sous forme de num\u00e9ro unique et une date d\u2019expiration.<\/p>\n<p class=\"p6\">Les cookies permettent de conserver, pendant la dur\u00e9e de validit\u00e9 du cookie, des informations d\u2019\u00e9tat lorsqu\u2019un navigateur acc\u00e8de aux diff\u00e9rentes pages d\u2019un site web ou lorsque ce navigateur retourne plus tard sur ce site Internet.<\/p>\n<p class=\"p6\">La lecture ou la modification des informations contenues dans un cookie rel\u00e8vent de son seul \u00e9metteur.<\/p>\n<ul class=\"ul1\">\n<li class=\"li2\"><b><\/b><span class=\"s1\"><b>Finalit\u00e9<\/b><\/span><\/li>\n<\/ul>\n<p class=\"p6\">Afin de proposer des services adapt\u00e9s au terminal de l\u2019Utilisateur (ordinateur, mobile ou tablette), les cookies utilis\u00e9s par Garden Globe ont pour finalit\u00e9s&nbsp;:<\/p>\n<p class=\"p6\">\u2212 la collecte d\u2019informations relatives \u00e0 la navigation des Utilisateurs,<br>\u2212 l\u2019analyse de la fr\u00e9quentation et de l\u2019utilisation du Site.<\/p>\n<ul class=\"ul1\">\n<li class=\"li2\"><b><\/b><span class=\"s1\"><b>Utilisation des cookies par Garden Globe<\/b><\/span><\/li>\n<\/ul>\n<p class=\"p6\">Les cookies utilis\u00e9s sur le Site sont les suivants&nbsp;:<\/p>\n<p class=\"p6\">\u2013 des cookies de session qui enregistrent des informations techniques lors de la navigation d\u2019une page \u00e0 une autre sur le Site et qui disparaissent d\u00e8s que l\u2019Utilisateur quitte le Site,<br>\u2013 des cookies de fonctionnalit\u00e9s permettant notamment de reconnaitre l\u2019Utilisateur lors d\u2019une nouvelle visite sur le Site et adapter le Site en fonction. Il s\u2019agit de cookies permanents qui demeurent sur le terminal de l\u2019Utilisateur jusqu\u2019\u00e0 expiration de leur dur\u00e9e de vie ou leur suppression \u00e0 l\u2019aide des fonctionnalit\u00e9s du navigateur,<br>\u2013 des cookies de mesure d\u2019audience Google Analytics: ces cookies sont utilis\u00e9s pour collecter de l\u2019information, de mani\u00e8re anonyme, sur les utilisateurs des sites web. Ces cookies permettent de comptabiliser les visiteurs et d\u2019identifier la mani\u00e8re dont ils utilisent le Site. Ces cookies sont d\u00e9pos\u00e9s et lus sur l\u2019\u00e9quipement de l\u2019Utilisateur et d\u00e8s que celui-ci acc\u00e8de \u00e0 un site Internet utilisant le service \u00ab Google Analytics \u00bb,<\/p>\n<p class=\"p6\">Vous pouvez consulter la politique de confidentialit\u00e9 de Google via ce lien&nbsp;: https:\/\/support.google.com\/analytics\/answer\/6004245?hl=fr<\/p>\n<ul class=\"ul1\">\n<li class=\"li2\"><b><\/b><span class=\"s1\"><b>Consentement \u2013 suppression et gestion des cookies<\/b><\/span><\/li>\n<\/ul>\n<p class=\"p6\">Les Utilisateurs disposent de plusieurs options pour supprimer les cookies.<\/p>\n<p class=\"p6\">La plupart des navigateurs sont param\u00e9tr\u00e9s par d\u00e9faut. N\u00e9anmoins, les Utilisateurs peuvent toujours choisir de d\u00e9sactiver un ou plusieurs cookies, refuser leur d\u00e9p\u00f4t ou retirer leur consentement. L\u2019Utilisateur a le choix d\u2019accepter ou de refuser les cookies au cas par cas ou de les refuser de mani\u00e8re g\u00e9n\u00e9rale et syst\u00e9matique.<\/p>\n<p class=\"p6\">Les Utilisateurs ont \u00e9galement la possibilit\u00e9 de g\u00e9rer les cookies utilis\u00e9s sur le Site en param\u00e9trant les navigateurs de leurs diff\u00e9rents terminaux (tablettes, smartphones, ordinateurs), comme d\u00e9taill\u00e9 ci-apr\u00e8s.<\/p>\n<p class=\"p6\">La configuration de chaque navigateur est d\u00e9crite dans son menu d\u2019aide.&nbsp;G\u00e9n\u00e9ralement, il s\u2019agit de se reporter \u00e0 l\u2019onglet \u00ab&nbsp;Param\u00e8tres&nbsp;\u00bb, puis au menu \u00ab&nbsp;Options&nbsp;\u00bb ou \u00ab&nbsp;Pr\u00e9f\u00e9rences&nbsp;\u00bb.<\/p>\n<p class=\"p6\">Les Utilisateurs sont inform\u00e9s qu\u2019en fonction du param\u00e9trage choisi, les conditions d\u2019acc\u00e8s au Site et \u00e0 ses fonctionnalit\u00e9s peuvent le cas \u00e9ch\u00e9ant \u00eatre modifi\u00e9es, ce dont Garden Globe ne saurait \u00eatre responsable.<\/p>\n<p class=\"p6\">Lorsque les Utilisateurs refusent le d\u00e9p\u00f4t d\u2019un cookie en suivant les param\u00e8tres expos\u00e9s ci-avant, un cookie est install\u00e9 et conserv\u00e9 sur leur navigateur afin de les identifier comme personne ayant refus\u00e9 l\u2019installation de cookies. Dans l\u2019hypoth\u00e8se o\u00f9 les Utilisateurs effaceraient ce cookie de leur navigateur ou qu\u2019ils se connecteraient \u00e0 partir d\u2019un navigateur Internet diff\u00e9rent ou un autre ordinateur, ils devraient alors entreprendre la m\u00eame proc\u00e9dure de refus de d\u00e9p\u00f4t des cookies.<\/p>\n<p class=\"p5\"><b>DROITS DE L\u2019UTILISATEUR <\/b><\/p>\n<p class=\"p6\">Chaque Utilisateur dispose d\u2019un droit d\u2019acc\u00e8s, de modification, de rectification et de suppression des donn\u00e9es personnelles le concernant.<\/p>\n<p class=\"p6\">Chaque Utilisateur a \u00e9galement la possibilit\u00e9 de s\u2019opposer, pour des motifs l\u00e9gitimes, \u00e0 ce que ses donn\u00e9es personnelles fassent l\u2019objet d\u2019un traitement par Garden Globe.<\/p>\n<p class=\"p6\">Ces droits peuvent \u00eatre exerc\u00e9s en envoyant email \u00e0 contact@garden-globe.com, nous sommes l\u00e0 pour vous.<\/p>\n<p class=\"p6\"><b>Signaler un contenu illicite<\/b><\/p>\n<p class=\"p6\">Conform\u00e9ment \u00e0 l\u2019article 6-I-7 de la loi n\u00b0 2004-575 du 21 juin 2004 pour la confiance dans l\u2019\u00e9conomie num\u00e9rique, dite \u00ab&nbsp;LCEN&nbsp;\u00bb, Garden Globe permet aux internautes de lui signaler tout contenu susceptible de rev\u00eatir les caract\u00e8res des infractions vis\u00e9es aux cinqui\u00e8me, septi\u00e8me et huiti\u00e8me alin\u00e9as de l\u2019article 24 de la loi du 29 juillet 1881 sur la libert\u00e9 de la presse et aux articles 222-33, 225-4-1, 225-5, 225-6, 227-23 et 227-24 et 421-2-5 du code p\u00e9nal (notamment l\u2019apologie des crimes contre l\u2019humanit\u00e9, la provocation \u00e0 la commission d\u2019actes de terrorisme et leur apologie, ou l\u2019incitation \u00e0 la haine raciale).<\/p>\n<p class=\"p6\">Pour signaler un contenu manifestement illicite sur le site&nbsp;www.garden-globe.com, l\u2019internaute doit envoyer un courriel \u00e0 l\u2019adresse e-mail&nbsp;contact@garden-globe, ou par voie postale \u00e0 l\u2019attention de Garden Globe, 3 La Jaminerie 44860 Saint Aignan de Grand Lieu.<\/p>\n<p class=\"p6\">Garden Globe rappelle \u00e0 cet \u00e9gard que la LCEN, en son article 6-I-4, punit tout abus de signalement d\u2019une peine d\u2019un an d\u2019emprisonnement et de 15.000 \u20ac d\u2019amende.<\/p>\n<p class=\"p1\"><b>PROPRI\u00c9T\u00c9 INTELLECTUELLE<\/b><\/p>\n<p class=\"p6\">La pr\u00e9sentation et le contenu (articles, dessins, photographies, images, textes, s\u00e9quences anim\u00e9es sonores ou non, et autres documentations) du pr\u00e9sent site constituent des \u0153uvres prot\u00e9g\u00e9es par les lois fran\u00e7aises en vigueur sur la propri\u00e9t\u00e9 intellectuelle. Toute repr\u00e9sentation, reproduction, exploitation partielle ou totale des \u00e9l\u00e9ments constituant le site www.garden-globe.com, par quelque proc\u00e9d\u00e9 que ce soit, sans l\u2019autorisation pr\u00e9alable et par \u00e9crit de Garden Globe, est strictement interdite et serait susceptible de constituer un acte de contrefa\u00e7on au sens de l\u2019article L. 335-2 et suivants du Code de la propri\u00e9t\u00e9 intellectuelle. Le contrevenant s\u2019exposerait \u00e0 des sanctions civiles et p\u00e9nales et notamment aux peines pr\u00e9vues \u00e0 l\u2019article L. 335-2 du Code de la propri\u00e9t\u00e9 intellectuelle.<\/p>\n<p class=\"p6\">La&nbsp;d\u00e9nominations\u00ab&nbsp;Garden Globe&nbsp;\u00bb,&nbsp;est notamment&nbsp;d\u00e9pos\u00e9es&nbsp;\u00e0 titre de marque, en particulier via la marque fran\u00e7aise n\u00b04631241. Toute repr\u00e9sentation et\/ou reproduction et\/ou exploitation partielle ou totale, de quelque nature que ce soit, de la&nbsp;marque&nbsp;est prohib\u00e9e.<\/p>\n<p class=\"p1\"><b>LIENS HYPERTEXTES EXTERNES<\/b><\/p>\n<p class=\"p6\">Les liens mis en place depuis le site www.garden-globe.com&nbsp;vers des sites ext\u00e9rieurs ne sauraient engager la responsabilit\u00e9 de Garden Globe, notamment au regard du contenu de ces sites mais \u00e9galement des risques techniques. En acceptant d\u2019utiliser un lien hypertexte pour acc\u00e9der \u00e0 un site ext\u00e9rieur, vous acceptez de prendre les risques et de subir un \u00e9ventuel pr\u00e9judice direct ou indirect. Garden Globe n\u2019est pas responsable des liens hypertextes susceptibles de pointer sur son site.<\/p><\/div>\n\t\t\t\t<\/div>\n\t\t\t\t<\/div>\n\t\t\t\t\t\t<\/div>\n\t\t\t\t\t<\/div>\n\t\t<\/div>\n\t\t\t\t\t\t\t\t<\/div>\n\t\t\t\t\t<\/div>\n\t\t<\/section>\n\t\t\t\t<section class=\"elementor-section elementor-top-section elementor-element elementor-element-8dbfcb2 elementor-section-boxed elementor-section-height-default elementor-section-height-default\" data-id=\"8dbfcb2\" data-element_type=\"section\">\n\t\t\t\t\t\t<div class=\"elementor-container elementor-column-gap-default\">\n\t\t\t\t\t\t\t<div class=\"elementor-row\">\n\t\t\t\t\t<div class=\"elementor-column elementor-col-100 elementor-top-column elementor-element elementor-element-8fa3392\" data-id=\"8fa3392\" data-element_type=\"column\">\n\t\t\t<div class=\"elementor-column-wrap elementor-element-populated\">\n\t\t\t\t\t\t\t<div class=\"elementor-widget-wrap\">\n\t\t\t\t\t\t<div class=\"elementor-element elementor-element-c6add78 elementor-align-center elementor-widget elementor-widget-button\" data-id=\"c6add78\" data-element_type=\"widget\" data-widget_type=\"button.default\">\n\t\t\t\t<div class=\"elementor-widget-container\">\n\t\t\t\t\t<div class=\"elementor-button-wrapper\">\n\t\t\t<a href=\"#\" class=\"elementor-button-link elementor-button elementor-size-sm\" role=\"button\">\n\t\t\t\t\t\t<span class=\"elementor-button-content-wrapper\">\n\t\t\t\t\t\t<span class=\"elementor-button-text\">RETOUR \u00c0 LA PAGE D'ACCEUIL<\/span>\n\t\t<\/span>\n\t\t\t\t\t<\/a>\n\t\t<\/div>\n\t\t\t\t<\/div>\n\t\t\t\t<\/div>\n\t\t\t\t\t\t<\/div>\n\t\t\t\t\t<\/div>\n\t\t<\/div>\n\t\t\t\t\t\t\t\t<\/div>\n\t\t\t\t\t<\/div>\n\t\t<\/section>\n\t\t\t\t<section class=\"elementor-section elementor-top-section elementor-element elementor-element-49460f0 elementor-section-boxed elementor-section-height-default elementor-section-height-default\" data-id=\"49460f0\" data-element_type=\"section\">\n\t\t\t\t\t\t<div class=\"elementor-container elementor-column-gap-default\">\n\t\t\t\t\t\t\t<div class=\"elementor-row\">\n\t\t\t\t\t<div class=\"elementor-column elementor-col-100 elementor-top-column elementor-element elementor-element-4cf3348\" data-id=\"4cf3348\" data-element_type=\"column\">\n\t\t\t<div class=\"elementor-column-wrap elementor-element-populated\">\n\t\t\t\t\t\t\t<div class=\"elementor-widget-wrap\">\n\t\t\t\t\t\t<div class=\"elementor-element elementor-element-3764226 elementor-widget elementor-widget-spacer\" data-id=\"3764226\" data-element_type=\"widget\" data-widget_type=\"spacer.default\">\n\t\t\t\t<div class=\"elementor-widget-container\">\n\t\t\t\t\t<div class=\"elementor-spacer\">\n\t\t\t<div class=\"elementor-spacer-inner\"><\/div>\n\t\t<\/div>\n\t\t\t\t<\/div>\n\t\t\t\t<\/div>\n\t\t\t\t\t\t<\/div>\n\t\t\t\t\t<\/div>\n\t\t<\/div>\n\t\t\t\t\t\t\t\t<\/div>\n\t\t\t\t\t<\/div>\n\t\t<\/section>\n\t\t\t\t\t\t<\/div>\n\t\t\t\t\t\t<\/div>\n\t\t\t\t\t<\/div>\n\t\t","protected":false},"excerpt":{"rendered":"<p>Mentions L\u00e9gales &amp; CGU EDITEUR Directeur de la Publication&nbsp;: Garden Globe Societ\u00e9 : Soci\u00e9t\u00e9 par actions simplifi\u00e9e au capital de 10 000 Euros immatricul\u00e9e au Registre du Commerce et des Soci\u00e9t\u00e9s de Nantes sous le num\u00e9ro 882 641 046, Num\u00e9ro de TVA intracommunautaire : FR 78882641046, Si\u00e8ge social : 3 La Gaminerie 44860 Saint Aignan [&hellip;]<\/p>\n","protected":false},"author":1,"featured_media":0,"parent":0,"menu_order":0,"comment_status":"closed","ping_status":"closed","template":"elementor_canvas","meta":{"om_disable_all_campaigns":false,"_monsterinsights_skip_tracking":false,"_monsterinsights_sitenote_active":false,"_monsterinsights_sitenote_note":"","_monsterinsights_sitenote_category":0,"_uf_show_specific_survey":0,"_uf_disable_surveys":false,"footnotes":""},"class_list":["post-1202","page","type-page","status-publish","hentry"],"aioseo_notices":[],"_links":{"self":[{"href":"https:\/\/garden-globe.com\/index.php\/wp-json\/wp\/v2\/pages\/1202","targetHints":{"allow":["GET"]}}],"collection":[{"href":"https:\/\/garden-globe.com\/index.php\/wp-json\/wp\/v2\/pages"}],"about":[{"href":"https:\/\/garden-globe.com\/index.php\/wp-json\/wp\/v2\/types\/page"}],"author":[{"embeddable":true,"href":"https:\/\/garden-globe.com\/index.php\/wp-json\/wp\/v2\/users\/1"}],"replies":[{"embeddable":true,"href":"https:\/\/garden-globe.com\/index.php\/wp-json\/wp\/v2\/comments?post=1202"}],"version-history":[{"count":16,"href":"https:\/\/garden-globe.com\/index.php\/wp-json\/wp\/v2\/pages\/1202\/revisions"}],"predecessor-version":[{"id":1400,"href":"https:\/\/garden-globe.com\/index.php\/wp-json\/wp\/v2\/pages\/1202\/revisions\/1400"}],"wp:attachment":[{"href":"https:\/\/garden-globe.com\/index.php\/wp-json\/wp\/v2\/media?parent=1202"}],"curies":[{"name":"wp","href":"https:\/\/api.w.org\/{rel}","templated":true}]}}