{"id":1492,"date":"2024-08-20T10:22:10","date_gmt":"2024-08-20T08:22:10","guid":{"rendered":"https:\/\/garden-globe.com\/?page_id=1492"},"modified":"2025-04-10T12:09:51","modified_gmt":"2025-04-10T10:09:51","slug":"voyage-sur-mesure","status":"publish","type":"page","link":"https:\/\/garden-globe.com\/index.php\/voyage-sur-mesure\/","title":{"rendered":"Voyage Sur Mesure"},"content":{"rendered":"\t\t<div data-elementor-type=\"wp-page\" data-elementor-id=\"1492\" class=\"elementor elementor-1492\" data-elementor-settings=\"[]\">\n\t\t\t\t\t\t<div class=\"elementor-inner\">\n\t\t\t\t\t\t\t<div class=\"elementor-section-wrap\">\n\t\t\t\t\t\t\t<section class=\"elementor-section elementor-top-section elementor-element elementor-element-3e37fa0 elementor-section-boxed elementor-section-height-default elementor-section-height-default\" data-id=\"3e37fa0\" data-element_type=\"section\">\n\t\t\t\t\t\t<div class=\"elementor-container elementor-column-gap-default\">\n\t\t\t\t\t\t\t<div class=\"elementor-row\">\n\t\t\t\t\t<div class=\"elementor-column elementor-col-100 elementor-top-column elementor-element elementor-element-eefa7ba\" data-id=\"eefa7ba\" data-element_type=\"column\">\n\t\t\t<div class=\"elementor-column-wrap elementor-element-populated\">\n\t\t\t\t\t\t\t<div class=\"elementor-widget-wrap\">\n\t\t\t\t\t\t<div class=\"elementor-element elementor-element-fcf73e5 elementor-widget elementor-widget-heading\" data-id=\"fcf73e5\" data-element_type=\"widget\" data-widget_type=\"heading.default\">\n\t\t\t\t<div class=\"elementor-widget-container\">\n\t\t\t<h2 class=\"elementor-heading-title elementor-size-default\">Voyage sur mesure : personnalisation totale pour une exp\u00e9rience unique<\/h2>\t\t<\/div>\n\t\t\t\t<\/div>\n\t\t\t\t\t\t<\/div>\n\t\t\t\t\t<\/div>\n\t\t<\/div>\n\t\t\t\t\t\t\t\t<\/div>\n\t\t\t\t\t<\/div>\n\t\t<\/section>\n\t\t\t\t<section class=\"elementor-section elementor-top-section elementor-element elementor-element-f9a830c elementor-section-boxed elementor-section-height-default elementor-section-height-default\" data-id=\"f9a830c\" data-element_type=\"section\">\n\t\t\t\t\t\t<div class=\"elementor-container elementor-column-gap-default\">\n\t\t\t\t\t\t\t<div class=\"elementor-row\">\n\t\t\t\t\t<div class=\"elementor-column elementor-col-100 elementor-top-column elementor-element elementor-element-9a25184\" data-id=\"9a25184\" data-element_type=\"column\">\n\t\t\t<div class=\"elementor-column-wrap elementor-element-populated\">\n\t\t\t\t\t\t\t<div class=\"elementor-widget-wrap\">\n\t\t\t\t\t\t<div class=\"elementor-element elementor-element-361ec4a elementor-widget elementor-widget-image\" data-id=\"361ec4a\" data-element_type=\"widget\" data-widget_type=\"image.default\">\n\t\t\t\t<div class=\"elementor-widget-container\">\n\t\t\t\t\t<div class=\"elementor-image\">\n\t\t\t\t\t\t\t\t\t\t<img decoding=\"async\" src=\"https:\/\/garden-globe.com\/wp-content\/uploads\/elementor\/thumbs\/2-qtd14xve8rhynxc86l359bjhtsd4pn0k9av12rl2ns.png\" title=\"Voyage sur mesure couverture\" alt=\"Voyage sur mesure personnalis\u00e9 selon les souhaits du client : type de voyage, h\u00e9bergement, activit\u00e9s culturelles et destinations sp\u00e9cifiques, avec options de location de voiture.\" \/>\t\t\t\t\t\t\t\t\t\t\t<\/div>\n\t\t\t\t<\/div>\n\t\t\t\t<\/div>\n\t\t\t\t\t\t<\/div>\n\t\t\t\t\t<\/div>\n\t\t<\/div>\n\t\t\t\t\t\t\t\t<\/div>\n\t\t\t\t\t<\/div>\n\t\t<\/section>\n\t\t\t\t<section class=\"elementor-section elementor-top-section elementor-element elementor-element-6cbe6b0b elementor-section-boxed elementor-section-height-default elementor-section-height-default\" data-id=\"6cbe6b0b\" data-element_type=\"section\">\n\t\t\t\t\t\t<div class=\"elementor-container elementor-column-gap-default\">\n\t\t\t\t\t\t\t<div class=\"elementor-row\">\n\t\t\t\t\t<div class=\"elementor-column elementor-col-100 elementor-top-column elementor-element elementor-element-222b1fff\" data-id=\"222b1fff\" data-element_type=\"column\">\n\t\t\t<div class=\"elementor-column-wrap elementor-element-populated\">\n\t\t\t\t\t\t\t<div class=\"elementor-widget-wrap\">\n\t\t\t\t\t\t<div class=\"elementor-element elementor-element-74488767 elementor-widget elementor-widget-text-editor\" data-id=\"74488767\" data-element_type=\"widget\" data-widget_type=\"text-editor.default\">\n\t\t\t\t<div class=\"elementor-widget-container\">\n\t\t\t\t\t<div class=\"elementor-text-editor elementor-clearfix\"><p>Un\u00a0<strong>voyage sur mesure<\/strong>\u00a0est l&rsquo;option id\u00e9ale pour ceux qui souhaitent vivre une aventure parfaitement adapt\u00e9e \u00e0 leurs envies. Contrairement aux voyages classiques, un voyage sur mesure permet de personnaliser chaque aspect de votre s\u00e9jour : du type de voyage \u00e0 l\u2019h\u00e9bergement, en passant par les activit\u00e9s, les visites et m\u00eame la location de voiture.<\/p>\n<p><!-- \/wp:paragraph --><\/p><\/div>\n\t\t\t\t<\/div>\n\t\t\t\t<\/div>\n\t\t\t\t\t\t<\/div>\n\t\t\t\t\t<\/div>\n\t\t<\/div>\n\t\t\t\t\t\t\t\t<\/div>\n\t\t\t\t\t<\/div>\n\t\t<\/section>\n\t\t\t\t<section class=\"elementor-section elementor-top-section elementor-element elementor-element-8ce9df3 elementor-section-boxed elementor-section-height-default elementor-section-height-default\" data-id=\"8ce9df3\" data-element_type=\"section\">\n\t\t\t\t\t\t<div class=\"elementor-container elementor-column-gap-default\">\n\t\t\t\t\t\t\t<div class=\"elementor-row\">\n\t\t\t\t\t<div class=\"elementor-column elementor-col-100 elementor-top-column elementor-element elementor-element-3716b48\" data-id=\"3716b48\" data-element_type=\"column\">\n\t\t\t<div class=\"elementor-column-wrap elementor-element-populated\">\n\t\t\t\t\t\t\t<div class=\"elementor-widget-wrap\">\n\t\t\t\t\t\t<div class=\"elementor-element elementor-element-fd6f8e8 elementor-widget elementor-widget-heading\" data-id=\"fd6f8e8\" data-element_type=\"widget\" data-widget_type=\"heading.default\">\n\t\t\t\t<div class=\"elementor-widget-container\">\n\t\t\t<h2 class=\"elementor-heading-title elementor-size-default\">Des exp\u00e9riences personnalis\u00e9es selon vos envies et votre budget<\/h2>\t\t<\/div>\n\t\t\t\t<\/div>\n\t\t\t\t\t\t<\/div>\n\t\t\t\t\t<\/div>\n\t\t<\/div>\n\t\t\t\t\t\t\t\t<\/div>\n\t\t\t\t\t<\/div>\n\t\t<\/section>\n\t\t\t\t<section class=\"elementor-section elementor-top-section elementor-element elementor-element-3fdefbe elementor-section-boxed elementor-section-height-default elementor-section-height-default\" data-id=\"3fdefbe\" data-element_type=\"section\">\n\t\t\t\t\t\t<div class=\"elementor-container elementor-column-gap-default\">\n\t\t\t\t\t\t\t<div class=\"elementor-row\">\n\t\t\t\t\t<div class=\"elementor-column elementor-col-100 elementor-top-column elementor-element elementor-element-55699b2\" data-id=\"55699b2\" data-element_type=\"column\">\n\t\t\t<div class=\"elementor-column-wrap elementor-element-populated\">\n\t\t\t\t\t\t\t<div class=\"elementor-widget-wrap\">\n\t\t\t\t\t\t<div class=\"elementor-element elementor-element-a601af9 elementor-widget elementor-widget-text-editor\" data-id=\"a601af9\" data-element_type=\"widget\" data-widget_type=\"text-editor.default\">\n\t\t\t\t<div class=\"elementor-widget-container\">\n\t\t\t\t\t<div class=\"elementor-text-editor elementor-clearfix\"><p>Chez Garden Globe, nous nous engageons \u00e0 cr\u00e9er des voyages enti\u00e8rement personnalis\u00e9s, afin que vous puissiez explorer les destinations de vos r\u00eaves selon vos pr\u00e9f\u00e9rences. Que vous souhaitiez partir \u00e0 la d\u00e9couverte de nouvelles cultures, profiter de moments de d\u00e9tente dans des lieux paradisiaques ou vivre des aventures palpitantes, nous avons la solution id\u00e9ale pour vous. Nous prenons en compte chaque d\u00e9tail : le budget, le confort, la dur\u00e9e du s\u00e9jour et les activit\u00e9s souhait\u00e9es, qu&rsquo;il s&rsquo;agisse de visites culturelles, gastronomiques, sportives ou de relaxation.<\/p><\/div>\n\t\t\t\t<\/div>\n\t\t\t\t<\/div>\n\t\t\t\t\t\t<\/div>\n\t\t\t\t\t<\/div>\n\t\t<\/div>\n\t\t\t\t\t\t\t\t<\/div>\n\t\t\t\t\t<\/div>\n\t\t<\/section>\n\t\t\t\t<section class=\"elementor-section elementor-top-section elementor-element elementor-element-76e1c70 elementor-section-boxed elementor-section-height-default elementor-section-height-default\" data-id=\"76e1c70\" data-element_type=\"section\">\n\t\t\t\t\t\t<div class=\"elementor-container elementor-column-gap-default\">\n\t\t\t\t\t\t\t<div class=\"elementor-row\">\n\t\t\t\t\t<div class=\"elementor-column elementor-col-100 elementor-top-column elementor-element elementor-element-3eeab7d\" data-id=\"3eeab7d\" data-element_type=\"column\">\n\t\t\t<div class=\"elementor-column-wrap elementor-element-populated\">\n\t\t\t\t\t\t\t<div class=\"elementor-widget-wrap\">\n\t\t\t\t\t\t<div class=\"elementor-element elementor-element-784b086 elementor-widget elementor-widget-heading\" data-id=\"784b086\" data-element_type=\"widget\" data-widget_type=\"heading.default\">\n\t\t\t\t<div class=\"elementor-widget-container\">\n\t\t\t<h2 class=\"elementor-heading-title elementor-size-default\">Une exp\u00e9rience unique, parfaitement adapt\u00e9e \u00e0 vos attentes<\/h2>\t\t<\/div>\n\t\t\t\t<\/div>\n\t\t\t\t\t\t<\/div>\n\t\t\t\t\t<\/div>\n\t\t<\/div>\n\t\t\t\t\t\t\t\t<\/div>\n\t\t\t\t\t<\/div>\n\t\t<\/section>\n\t\t\t\t<section class=\"elementor-section elementor-top-section elementor-element elementor-element-3f826af elementor-section-boxed elementor-section-height-default elementor-section-height-default\" data-id=\"3f826af\" data-element_type=\"section\">\n\t\t\t\t\t\t<div class=\"elementor-container elementor-column-gap-default\">\n\t\t\t\t\t\t\t<div class=\"elementor-row\">\n\t\t\t\t\t<div class=\"elementor-column elementor-col-100 elementor-top-column elementor-element elementor-element-3a0cb8f\" data-id=\"3a0cb8f\" data-element_type=\"column\">\n\t\t\t<div class=\"elementor-column-wrap elementor-element-populated\">\n\t\t\t\t\t\t\t<div class=\"elementor-widget-wrap\">\n\t\t\t\t\t\t<div class=\"elementor-element elementor-element-2fcef85 elementor-widget elementor-widget-text-editor\" data-id=\"2fcef85\" data-element_type=\"widget\" data-widget_type=\"text-editor.default\">\n\t\t\t\t<div class=\"elementor-widget-container\">\n\t\t\t\t\t<div class=\"elementor-text-editor elementor-clearfix\"><p>\u00a0L&rsquo;objectif d&rsquo;un voyage sur mesure est de vous offrir une exp\u00e9rience unique, o\u00f9 chaque aspect de votre voyage est con\u00e7u pour r\u00e9pondre \u00e0 vos attentes pr\u00e9cises. Nos experts en voyages s&rsquo;assurent que chaque \u00e9l\u00e9ment soit parfaitement ajust\u00e9 \u00e0 vos pr\u00e9f\u00e9rences, que ce soit pour un s\u00e9jour en solo, en famille ou en groupe. Nous vous garantissons un service cl\u00e9 en main, de la planification \u00e0 la r\u00e9alisation de votre voyage.<\/p><\/div>\n\t\t\t\t<\/div>\n\t\t\t\t<\/div>\n\t\t\t\t\t\t<\/div>\n\t\t\t\t\t<\/div>\n\t\t<\/div>\n\t\t\t\t\t\t\t\t<\/div>\n\t\t\t\t\t<\/div>\n\t\t<\/section>\n\t\t\t\t<section class=\"elementor-section elementor-top-section elementor-element elementor-element-8296d52 elementor-section-boxed elementor-section-height-default elementor-section-height-default\" data-id=\"8296d52\" data-element_type=\"section\">\n\t\t\t\t\t\t<div class=\"elementor-container elementor-column-gap-default\">\n\t\t\t\t\t\t\t<div class=\"elementor-row\">\n\t\t\t\t\t<div class=\"elementor-column elementor-col-100 elementor-top-column elementor-element elementor-element-2d27eb0\" data-id=\"2d27eb0\" data-element_type=\"column\">\n\t\t\t<div class=\"elementor-column-wrap elementor-element-populated\">\n\t\t\t\t\t\t\t<div class=\"elementor-widget-wrap\">\n\t\t\t\t\t\t<div class=\"elementor-element elementor-element-9a95646 elementor-widget elementor-widget-heading\" data-id=\"9a95646\" data-element_type=\"widget\" data-widget_type=\"heading.default\">\n\t\t\t\t<div class=\"elementor-widget-container\">\n\t\t\t<h2 class=\"elementor-heading-title elementor-size-default\">Cr\u00e9ez votre aventure inoubliable avec un voyage sur mesure chez Garden Globe<\/h2>\t\t<\/div>\n\t\t\t\t<\/div>\n\t\t\t\t\t\t<\/div>\n\t\t\t\t\t<\/div>\n\t\t<\/div>\n\t\t\t\t\t\t\t\t<\/div>\n\t\t\t\t\t<\/div>\n\t\t<\/section>\n\t\t\t\t<section class=\"elementor-section elementor-top-section elementor-element elementor-element-a479c02 elementor-section-boxed elementor-section-height-default elementor-section-height-default\" data-id=\"a479c02\" data-element_type=\"section\">\n\t\t\t\t\t\t<div class=\"elementor-container elementor-column-gap-default\">\n\t\t\t\t\t\t\t<div class=\"elementor-row\">\n\t\t\t\t\t<div class=\"elementor-column elementor-col-100 elementor-top-column elementor-element elementor-element-74e4de9\" data-id=\"74e4de9\" data-element_type=\"column\">\n\t\t\t<div class=\"elementor-column-wrap elementor-element-populated\">\n\t\t\t\t\t\t\t<div class=\"elementor-widget-wrap\">\n\t\t\t\t\t\t<div class=\"elementor-element elementor-element-d37b240 elementor-widget elementor-widget-text-editor\" data-id=\"d37b240\" data-element_type=\"widget\" data-widget_type=\"text-editor.default\">\n\t\t\t\t<div class=\"elementor-widget-container\">\n\t\t\t\t\t<div class=\"elementor-text-editor elementor-clearfix\"><p>Avec Garden Globe, chaque voyage devient une aventure inoubliable, parfaitement adapt\u00e9e \u00e0 votre vision de l\u2019\u00e9vasion. Contactez-nous d\u00e8s aujourd&rsquo;hui pour cr\u00e9er votre voyage sur mesure, et laissez-nous vous aider \u00e0 r\u00e9aliser vos r\u00eaves d\u2019\u00e9vasion. Voyages sur mesure pour chaque d\u00e9sir, chaque aventure.\u00a0<\/p>\n<p>Profitez d&rsquo;un service personnalis\u00e9 et de voyages inoubliables !<\/p><\/div>\n\t\t\t\t<\/div>\n\t\t\t\t<\/div>\n\t\t\t\t\t\t<\/div>\n\t\t\t\t\t<\/div>\n\t\t<\/div>\n\t\t\t\t\t\t\t\t<\/div>\n\t\t\t\t\t<\/div>\n\t\t<\/section>\n\t\t\t\t<section class=\"elementor-section elementor-top-section elementor-element elementor-element-42c887c elementor-section-boxed elementor-section-height-default elementor-section-height-default\" data-id=\"42c887c\" data-element_type=\"section\">\n\t\t\t\t\t\t<div class=\"elementor-container elementor-column-gap-default\">\n\t\t\t\t\t\t\t<div class=\"elementor-row\">\n\t\t\t\t\t<div class=\"elementor-column elementor-col-100 elementor-top-column elementor-element elementor-element-a13ceba\" data-id=\"a13ceba\" data-element_type=\"column\">\n\t\t\t<div class=\"elementor-column-wrap\">\n\t\t\t\t\t\t\t<div class=\"elementor-widget-wrap\">\n\t\t\t\t\t\t\t\t<\/div>\n\t\t\t\t\t<\/div>\n\t\t<\/div>\n\t\t\t\t\t\t\t\t<\/div>\n\t\t\t\t\t<\/div>\n\t\t<\/section>\n\t\t\t\t<section class=\"elementor-section elementor-top-section elementor-element elementor-element-7d237cb elementor-section-boxed elementor-section-height-default elementor-section-height-default\" data-id=\"7d237cb\" data-element_type=\"section\">\n\t\t\t\t\t\t<div class=\"elementor-container elementor-column-gap-default\">\n\t\t\t\t\t\t\t<div class=\"elementor-row\">\n\t\t\t\t\t<div class=\"elementor-column elementor-col-50 elementor-top-column elementor-element elementor-element-a5f0f82\" data-id=\"a5f0f82\" data-element_type=\"column\">\n\t\t\t<div class=\"elementor-column-wrap elementor-element-populated\">\n\t\t\t\t\t\t\t<div class=\"elementor-widget-wrap\">\n\t\t\t\t\t\t<div class=\"elementor-element elementor-element-32c672c elementor-widget elementor-widget-image\" data-id=\"32c672c\" data-element_type=\"widget\" data-widget_type=\"image.default\">\n\t\t\t\t<div class=\"elementor-widget-container\">\n\t\t\t\t\t<div class=\"elementor-image\">\n\t\t\t\t\t\t\t\t\t\t\t<a href=\"https:\/\/garden-globe.com\/index.php\/voyage-surprise\/\">\n\t\t\t\t\t\t\t<img loading=\"lazy\" decoding=\"async\" width=\"1024\" height=\"1024\" src=\"https:\/\/garden-globe.com\/wp-content\/uploads\/2024\/08\/1-2-1024x1024.png\" class=\"attachment-large size-large\" alt=\"Une femme surprise par le voyage surprise. En arri\u00e8re-plan, la destination du voyage, la Gr\u00e8ce.\" srcset=\"https:\/\/garden-globe.com\/wp-content\/uploads\/2024\/08\/1-2-1024x1024.png 1024w, https:\/\/garden-globe.com\/wp-content\/uploads\/2024\/08\/1-2-300x300.png 300w, https:\/\/garden-globe.com\/wp-content\/uploads\/2024\/08\/1-2-150x150.png 150w, https:\/\/garden-globe.com\/wp-content\/uploads\/2024\/08\/1-2-768x768.png 768w, https:\/\/garden-globe.com\/wp-content\/uploads\/2024\/08\/1-2-1536x1536.png 1536w, https:\/\/garden-globe.com\/wp-content\/uploads\/2024\/08\/1-2-830x830.png 830w, https:\/\/garden-globe.com\/wp-content\/uploads\/2024\/08\/1-2-230x230.png 230w, https:\/\/garden-globe.com\/wp-content\/uploads\/2024\/08\/1-2-350x350.png 350w, https:\/\/garden-globe.com\/wp-content\/uploads\/2024\/08\/1-2-480x480.png 480w, https:\/\/garden-globe.com\/wp-content\/uploads\/2024\/08\/1-2.png 1890w\" sizes=\"auto, (max-width: 1024px) 100vw, 1024px\" \/>\t\t\t\t\t\t\t\t<\/a>\n\t\t\t\t\t\t\t\t\t\t\t<\/div>\n\t\t\t\t<\/div>\n\t\t\t\t<\/div>\n\t\t\t\t\t\t<\/div>\n\t\t\t\t\t<\/div>\n\t\t<\/div>\n\t\t\t\t<div class=\"elementor-column elementor-col-50 elementor-top-column elementor-element elementor-element-f0bc185\" data-id=\"f0bc185\" data-element_type=\"column\">\n\t\t\t<div class=\"elementor-column-wrap elementor-element-populated\">\n\t\t\t\t\t\t\t<div class=\"elementor-widget-wrap\">\n\t\t\t\t\t\t<div class=\"elementor-element elementor-element-a5c9e6c elementor-widget elementor-widget-image\" data-id=\"a5c9e6c\" data-element_type=\"widget\" data-widget_type=\"image.default\">\n\t\t\t\t<div class=\"elementor-widget-container\">\n\t\t\t\t\t<div class=\"elementor-image\">\n\t\t\t\t\t\t\t\t\t\t\t<a href=\"https:\/\/garden-globe.com\/index.php\/voyage-en-groupe\/\">\n\t\t\t\t\t\t\t<img loading=\"lazy\" decoding=\"async\" width=\"1024\" height=\"1024\" src=\"https:\/\/garden-globe.com\/wp-content\/uploads\/2024\/08\/3-2-1024x1024.png\" class=\"attachment-large size-large\" alt=\"voyage en groupe face \u00e0 la montagne\" srcset=\"https:\/\/garden-globe.com\/wp-content\/uploads\/2024\/08\/3-2-1024x1024.png 1024w, https:\/\/garden-globe.com\/wp-content\/uploads\/2024\/08\/3-2-300x300.png 300w, https:\/\/garden-globe.com\/wp-content\/uploads\/2024\/08\/3-2-150x150.png 150w, https:\/\/garden-globe.com\/wp-content\/uploads\/2024\/08\/3-2-768x768.png 768w, https:\/\/garden-globe.com\/wp-content\/uploads\/2024\/08\/3-2-1536x1536.png 1536w, https:\/\/garden-globe.com\/wp-content\/uploads\/2024\/08\/3-2-830x830.png 830w, https:\/\/garden-globe.com\/wp-content\/uploads\/2024\/08\/3-2-230x230.png 230w, https:\/\/garden-globe.com\/wp-content\/uploads\/2024\/08\/3-2-350x350.png 350w, https:\/\/garden-globe.com\/wp-content\/uploads\/2024\/08\/3-2-480x480.png 480w, https:\/\/garden-globe.com\/wp-content\/uploads\/2024\/08\/3-2.png 1890w\" sizes=\"auto, (max-width: 1024px) 100vw, 1024px\" \/>\t\t\t\t\t\t\t\t<\/a>\n\t\t\t\t\t\t\t\t\t\t\t<\/div>\n\t\t\t\t<\/div>\n\t\t\t\t<\/div>\n\t\t\t\t\t\t<\/div>\n\t\t\t\t\t<\/div>\n\t\t<\/div>\n\t\t\t\t\t\t\t\t<\/div>\n\t\t\t\t\t<\/div>\n\t\t<\/section>\n\t\t\t\t<section class=\"elementor-section elementor-top-section elementor-element elementor-element-ea44ffa elementor-section-boxed elementor-section-height-default elementor-section-height-default\" data-id=\"ea44ffa\" data-element_type=\"section\">\n\t\t\t\t\t\t<div class=\"elementor-container elementor-column-gap-default\">\n\t\t\t\t\t\t\t<div class=\"elementor-row\">\n\t\t\t\t\t<div class=\"elementor-column elementor-col-100 elementor-top-column elementor-element elementor-element-e5e6154\" data-id=\"e5e6154\" data-element_type=\"column\">\n\t\t\t<div class=\"elementor-column-wrap elementor-element-populated\">\n\t\t\t\t\t\t\t<div class=\"elementor-widget-wrap\">\n\t\t\t\t\t\t<div class=\"elementor-element elementor-element-9a8c9b2 elementor-widget elementor-widget-spacer\" data-id=\"9a8c9b2\" data-element_type=\"widget\" data-widget_type=\"spacer.default\">\n\t\t\t\t<div class=\"elementor-widget-container\">\n\t\t\t\t\t<div class=\"elementor-spacer\">\n\t\t\t<div class=\"elementor-spacer-inner\"><\/div>\n\t\t<\/div>\n\t\t\t\t<\/div>\n\t\t\t\t<\/div>\n\t\t\t\t\t\t<\/div>\n\t\t\t\t\t<\/div>\n\t\t<\/div>\n\t\t\t\t\t\t\t\t<\/div>\n\t\t\t\t\t<\/div>\n\t\t<\/section>\n\t\t\t\t<section class=\"elementor-section elementor-top-section elementor-element elementor-element-c907045 elementor-section-boxed elementor-section-height-default elementor-section-height-default\" data-id=\"c907045\" data-element_type=\"section\">\n\t\t\t\t\t\t<div class=\"elementor-container elementor-column-gap-default\">\n\t\t\t\t\t\t\t<div class=\"elementor-row\">\n\t\t\t\t\t<div class=\"elementor-column elementor-col-25 elementor-top-column elementor-element elementor-element-e4c29d1\" data-id=\"e4c29d1\" data-element_type=\"column\">\n\t\t\t<div class=\"elementor-column-wrap elementor-element-populated\">\n\t\t\t\t\t\t\t<div class=\"elementor-widget-wrap\">\n\t\t\t\t\t\t<div class=\"elementor-element elementor-element-8b6074a elementor-widget elementor-widget-button\" data-id=\"8b6074a\" data-element_type=\"widget\" data-widget_type=\"button.default\">\n\t\t\t\t<div class=\"elementor-widget-container\">\n\t\t\t\t\t<div class=\"elementor-button-wrapper\">\n\t\t\t<a href=\"https:\/\/garden-globe.com\/index.php\/agence-de-voyages-la-rochelle\/\" class=\"elementor-button-link elementor-button elementor-size-sm\" role=\"button\">\n\t\t\t\t\t\t<span class=\"elementor-button-content-wrapper\">\n\t\t\t\t\t\t<span class=\"elementor-button-text\">La Rochelle<\/span>\n\t\t<\/span>\n\t\t\t\t\t<\/a>\n\t\t<\/div>\n\t\t\t\t<\/div>\n\t\t\t\t<\/div>\n\t\t\t\t\t\t<\/div>\n\t\t\t\t\t<\/div>\n\t\t<\/div>\n\t\t\t\t<div class=\"elementor-column elementor-col-25 elementor-top-column elementor-element elementor-element-5ade26e\" data-id=\"5ade26e\" data-element_type=\"column\">\n\t\t\t<div class=\"elementor-column-wrap elementor-element-populated\">\n\t\t\t\t\t\t\t<div class=\"elementor-widget-wrap\">\n\t\t\t\t\t\t<div class=\"elementor-element elementor-element-72ca651 elementor-align-center elementor-widget elementor-widget-button\" data-id=\"72ca651\" data-element_type=\"widget\" data-widget_type=\"button.default\">\n\t\t\t\t<div class=\"elementor-widget-container\">\n\t\t\t\t\t<div class=\"elementor-button-wrapper\">\n\t\t\t<a href=\"https:\/\/garden-globe.com\/index.php\/agence-de-voyages-chantonnay\/\" class=\"elementor-button-link elementor-button elementor-size-sm\" role=\"button\">\n\t\t\t\t\t\t<span class=\"elementor-button-content-wrapper\">\n\t\t\t\t\t\t<span class=\"elementor-button-text\">Chantonnay<\/span>\n\t\t<\/span>\n\t\t\t\t\t<\/a>\n\t\t<\/div>\n\t\t\t\t<\/div>\n\t\t\t\t<\/div>\n\t\t\t\t\t\t<\/div>\n\t\t\t\t\t<\/div>\n\t\t<\/div>\n\t\t\t\t<div class=\"elementor-column elementor-col-25 elementor-top-column elementor-element elementor-element-9be4f44\" data-id=\"9be4f44\" data-element_type=\"column\">\n\t\t\t<div class=\"elementor-column-wrap elementor-element-populated\">\n\t\t\t\t\t\t\t<div class=\"elementor-widget-wrap\">\n\t\t\t\t\t\t<div class=\"elementor-element elementor-element-b4d4589 elementor-align-center elementor-widget elementor-widget-button\" data-id=\"b4d4589\" data-element_type=\"widget\" data-widget_type=\"button.default\">\n\t\t\t\t<div class=\"elementor-widget-container\">\n\t\t\t\t\t<div class=\"elementor-button-wrapper\">\n\t\t\t<a href=\"https:\/\/garden-globe.com\/index.php\/agence-de-voyages-clisson\/\" class=\"elementor-button-link elementor-button elementor-size-sm\" role=\"button\">\n\t\t\t\t\t\t<span class=\"elementor-button-content-wrapper\">\n\t\t\t\t\t\t<span class=\"elementor-button-text\">Clisson<\/span>\n\t\t<\/span>\n\t\t\t\t\t<\/a>\n\t\t<\/div>\n\t\t\t\t<\/div>\n\t\t\t\t<\/div>\n\t\t\t\t\t\t<\/div>\n\t\t\t\t\t<\/div>\n\t\t<\/div>\n\t\t\t\t<div class=\"elementor-column elementor-col-25 elementor-top-column elementor-element elementor-element-a8cc52d\" data-id=\"a8cc52d\" data-element_type=\"column\">\n\t\t\t<div class=\"elementor-column-wrap elementor-element-populated\">\n\t\t\t\t\t\t\t<div class=\"elementor-widget-wrap\">\n\t\t\t\t\t\t<div class=\"elementor-element elementor-element-cfccea1 elementor-button-info elementor-align-center elementor-widget elementor-widget-button\" data-id=\"cfccea1\" data-element_type=\"widget\" data-widget_type=\"button.default\">\n\t\t\t\t<div class=\"elementor-widget-container\">\n\t\t\t\t\t<div class=\"elementor-button-wrapper\">\n\t\t\t<a href=\"https:\/\/garden-globe.com\/\" class=\"elementor-button-link elementor-button elementor-size-sm\" role=\"button\">\n\t\t\t\t\t\t<span class=\"elementor-button-content-wrapper\">\n\t\t\t\t\t\t<span class=\"elementor-button-text\">Home<\/span>\n\t\t<\/span>\n\t\t\t\t\t<\/a>\n\t\t<\/div>\n\t\t\t\t<\/div>\n\t\t\t\t<\/div>\n\t\t\t\t\t\t<\/div>\n\t\t\t\t\t<\/div>\n\t\t<\/div>\n\t\t\t\t\t\t\t\t<\/div>\n\t\t\t\t\t<\/div>\n\t\t<\/section>\n\t\t\t\t\t\t<\/div>\n\t\t\t\t\t\t<\/div>\n\t\t\t\t\t<\/div>\n\t\t","protected":false},"excerpt":{"rendered":"<p>Voyage sur mesure : personnalisation totale pour une exp\u00e9rience unique Un\u00a0voyage sur mesure\u00a0est l&rsquo;option id\u00e9ale pour ceux qui souhaitent vivre une aventure parfaitement adapt\u00e9e \u00e0 leurs envies. Contrairement aux voyages classiques, un voyage sur mesure permet de personnaliser chaque aspect de votre s\u00e9jour : du type de voyage \u00e0 l\u2019h\u00e9bergement, en passant par les activit\u00e9s, [&hellip;]<\/p>\n","protected":false},"author":3,"featured_media":0,"parent":0,"menu_order":0,"comment_status":"closed","ping_status":"closed","template":"","meta":{"om_disable_all_campaigns":false,"_monsterinsights_skip_tracking":false,"_monsterinsights_sitenote_active":false,"_monsterinsights_sitenote_note":"","_monsterinsights_sitenote_category":0,"_uf_show_specific_survey":0,"_uf_disable_surveys":false,"footnotes":""},"class_list":["post-1492","page","type-page","status-publish","hentry"],"aioseo_notices":[],"_links":{"self":[{"href":"https:\/\/garden-globe.com\/index.php\/wp-json\/wp\/v2\/pages\/1492","targetHints":{"allow":["GET"]}}],"collection":[{"href":"https:\/\/garden-globe.com\/index.php\/wp-json\/wp\/v2\/pages"}],"about":[{"href":"https:\/\/garden-globe.com\/index.php\/wp-json\/wp\/v2\/types\/page"}],"author":[{"embeddable":true,"href":"https:\/\/garden-globe.com\/index.php\/wp-json\/wp\/v2\/users\/3"}],"replies":[{"embeddable":true,"href":"https:\/\/garden-globe.com\/index.php\/wp-json\/wp\/v2\/comments?post=1492"}],"version-history":[{"count":12,"href":"https:\/\/garden-globe.com\/index.php\/wp-json\/wp\/v2\/pages\/1492\/revisions"}],"predecessor-version":[{"id":1855,"href":"https:\/\/garden-globe.com\/index.php\/wp-json\/wp\/v2\/pages\/1492\/revisions\/1855"}],"wp:attachment":[{"href":"https:\/\/garden-globe.com\/index.php\/wp-json\/wp\/v2\/media?parent=1492"}],"curies":[{"name":"wp","href":"https:\/\/api.w.org\/{rel}","templated":true}]}}